{"id":2,"date":"2014-07-23T12:26:10","date_gmt":"2014-07-23T12:26:10","guid":{"rendered":"https:\/\/www.lauretland.com\/?page_id=2"},"modified":"2021-07-08T09:33:14","modified_gmt":"2021-07-08T09:33:14","slug":"sample-page","status":"publish","type":"page","link":"https:\/\/www.lauretland.com\/?page_id=2","title":{"rendered":"Mail LauretLand"},"content":{"rendered":"<h1>Introduction<\/h1>\n<p>Le domaine LauretLand dispose d&#8217;un service de messagerie electronique, autrement dit, e-mail.<\/p>\n<p>Les e-mails sont accessibles de diff\u00e9rentes mani\u00e8res. Le plus simple est d&#8217;acceder par le <a href=\"https:\/\/webmail.lauretland.com\">webmail<\/a>. Il s&#8217;agit d&#8217;une page sur laquelle vous pourrez consulter et envoyer des e-mails.<\/p>\n<p>Vous pouvez aussi &nbsp;consulter vos e-mails depuis votre client pr\u00e9f\u00e9r\u00e9 (outlook, thunderbird, apple mail&#8230;.).<\/p>\n<h1>Configurations<\/h1>\n<p>Les clients mail disposent le plus souvent d&#8217;outils de configuration automatique, une addresse e-mail et votre mot de passe. Dans le cas ou la configuration automatique echoue &nbsp;les parametres sont les suivant:<\/p>\n<ul>\n<li>imap: imap.lauretland.com<\/li>\n<li>smtp: smtp.lauretland.com<\/li>\n<\/ul>\n<h1>Gestion des mot de passe<\/h1>\n<p>Dans le cas ou vous auriez perdu votre mot de passe, il est possible de le changer sur la page prevue a cet effet, <a href=\"https:\/\/ssp.lauretland.com\">ssp.lauretland.com<\/a><\/p>\n<h1>Obtenir un compte<\/h1>\n<p>Si vous ne disposez pas de compte sur le domaine et que vous souhaitez en obtenir un, il suffit d&#8217;envoyer un email a Ben<\/p>\n<p>&nbsp;<\/p>\n<p>&nbsp;<\/p>\n\n\n<p><\/p>\n","protected":false},"excerpt":{"rendered":"<p>Introduction Le domaine LauretLand dispose d&#8217;un service de messagerie electronique, autrement dit, e-mail. Les e-mails sont accessibles de diff\u00e9rentes mani\u00e8res. Le plus simple est d&#8217;acceder par le webmail. Il s&#8217;agit d&#8217;une page sur laquelle vous pourrez consulter et envoyer des&#8230; <a class=\"more-link\" href=\"https:\/\/www.lauretland.com\/?page_id=2\">Continue Reading &rarr;<\/a><\/p>\n","protected":false},"author":1,"featured_media":0,"parent":0,"menu_order":0,"comment_status":"open","ping_status":"open","template":"","meta":{"_monsterinsights_skip_tracking":false,"_monsterinsights_sitenote_active":false,"_monsterinsights_sitenote_note":"","_monsterinsights_sitenote_category":0,"ngg_post_thumbnail":0,"footnotes":""},"class_list":["post-2","page","type-page","status-publish","hentry"],"aioseo_notices":[],"jetpack-related-posts":[],"jetpack_sharing_enabled":true,"_links":{"self":[{"href":"https:\/\/www.lauretland.com\/index.php?rest_route=\/wp\/v2\/pages\/2","targetHints":{"allow":["GET"]}}],"collection":[{"href":"https:\/\/www.lauretland.com\/index.php?rest_route=\/wp\/v2\/pages"}],"about":[{"href":"https:\/\/www.lauretland.com\/index.php?rest_route=\/wp\/v2\/types\/page"}],"author":[{"embeddable":true,"href":"https:\/\/www.lauretland.com\/index.php?rest_route=\/wp\/v2\/users\/1"}],"replies":[{"embeddable":true,"href":"https:\/\/www.lauretland.com\/index.php?rest_route=%2Fwp%2Fv2%2Fcomments&post=2"}],"version-history":[{"count":3,"href":"https:\/\/www.lauretland.com\/index.php?rest_route=\/wp\/v2\/pages\/2\/revisions"}],"predecessor-version":[{"id":313,"href":"https:\/\/www.lauretland.com\/index.php?rest_route=\/wp\/v2\/pages\/2\/revisions\/313"}],"wp:attachment":[{"href":"https:\/\/www.lauretland.com\/index.php?rest_route=%2Fwp%2Fv2%2Fmedia&parent=2"}],"curies":[{"name":"wp","href":"https:\/\/api.w.org\/{rel}","templated":true}]}}